{"id":15810,"date":"2021-07-21T14:25:10","date_gmt":"2021-07-21T18:25:13","guid":{"rendered":"https:\/\/greentrail.ca\/?post_type=product&#038;p=15810"},"modified":"2024-04-02T14:36:02","modified_gmt":"2024-04-02T18:36:02","slug":"dock-spinning-rod-ocean-city-g2406","status":"publish","type":"product","link":"https:\/\/greentrail.ca\/en\/product\/dock-spinning-rod-ocean-city-g2406\/","title":{"rendered":"DOCK Spinning Rod &#8211; OCEAN CITY &#8211; G2406"},"content":{"rendered":"<p>The DOCK spinning rod from the OCEAN CITY collection is an ideal choice for anglers looking for a thrill. This 2-section rod is 7 feet, 6 inches long with a medium heavy action. It is made of solid fiberglass and ceramic guides. In addition, the DOCK spinning rod is equipped with a screw connection system for added strength and durability. It also has a long EVA handle for a comfortable grip. It is saltwater resistant. Be sure to clean it after use to keep your equipment in good condition. You&#8217;ll have everything you need to spend a day catching a big specimen of fish.<\/p>\n<p><img loading=\"lazy\" decoding=\"async\" class=\"aligncenter size-medium wp-image-19022\" src=\"https:\/\/greentrail.ca\/wp-content\/uploads\/2021\/07\/Caracteristique-canne-a-lancer-leger-DOCK-G2406-800x80.jpg\" alt=\"Caract\u00e9ristiques de la canne \u00e0 lancer l\u00e9ger DOCK G2406\" width=\"800\" height=\"80\" srcset=\"https:\/\/greentrail.ca\/wp-content\/uploads\/2021\/07\/Caracteristique-canne-a-lancer-leger-DOCK-G2406-800x80.jpg 800w, https:\/\/greentrail.ca\/wp-content\/uploads\/2021\/07\/Caracteristique-canne-a-lancer-leger-DOCK-G2406-768x77.jpg 768w, https:\/\/greentrail.ca\/wp-content\/uploads\/2021\/07\/Caracteristique-canne-a-lancer-leger-DOCK-G2406-280x28.jpg 280w, https:\/\/greentrail.ca\/wp-content\/uploads\/2021\/07\/Caracteristique-canne-a-lancer-leger-DOCK-G2406.jpg 1000w\" sizes=\"auto, (max-width: 800px) 100vw, 800px\" \/><\/p>\n<p>FEATURES OF DOCK SPINNING ROD<\/p>\n<ul>\n<li>Solid fiberglass construction<\/li>\n<li>Ceramic guides<\/li>\n<li>Length: 7&#8217;6\u2033 (2.3 m)<\/li>\n<li>Pieces: 2<\/li>\n<li>Line: 8-25 LB (3.6 &#8211; 11.3 kg)<\/li>\n<li>Lure weight : 0.7 &#8211; 2 oz (20 &#8211; 56gr)<\/li>\n<li>Action : Medium-Heavy<\/li>\n<li>EVA handle<\/li>\n<li>Screw connection system<\/li>\n<\/ul>\n<p><strong><a class=\"button\" style=\"color: #008080;\" href=\"https:\/\/greentrail.ca\/en\/oceancity\/\">DISCOVER THIS FEATURED PRODUCT<\/a><\/strong><\/p>\n<p>Combine your DOCK spinning rod with our <a href=\"https:\/\/greentrail.ca\/en\/produit\/moulinet-a-lancer-leger-albatros-g2703\/\">ALBATROS reel G2703<\/a> from the OCEAN CITY collection<\/p>\n<h3>SALTWATER EQUIPMENT MAINTENANCE GUIDE<\/h3>\n<p>Even the most expensive and high-performance fishing gear needs to be maintained properly every day when used in salt water. Compliance with this maintenance guide will allow you to keep your equipment in good condition and efficient<\/p>\n<h4>BEWARE OF SALT WATER<\/h4>\n<p>Saline water has a corrosive reaction on several materials; metals and alloys, aluminum, plastics, composites, graphites and paints. Some are more resistant than others but, over time, they always end up being damaged by salt water, and thus your fishing gear degrades. To ensure the longevity of your equipment, it is important to carefully follow the maintenance steps after each day of fishing.<\/p>\n<h4>STEP 1<\/h4>\n<p>Rinse your rod and reel in cold water (without immersion).<\/p>\n<h4>STEP 2<\/h4>\n<p>Clean your fishing rod and reel with a damp cloth to remove dust, sand and dried salt. To clean effectively, disassemble your reel from the fishing rod, then, the spool from the reel. Pay particular attention to the guides and the reel seat.<\/p>\n<h4>STEP 3<\/h4>\n<p>Rinse the spool with running water to make sure you remove all the salt from your line. For long-term maintenance, it is advisable to remove all the line from the spool before storing your reel until the next outing.<\/p>\n<h4>STEP 4<\/h4>\n<p>Make sure that the spool axle and its gear are always covered with a thin layer of grease or oil. Same thing for the pivot and the axis (roller) of the handle. The reel wire guide and bearings should receive a drop of oil from time to time to ensure they are protected from corrosion.<\/p>\n<p><strong>Salt water damage is not covered by Green Trail&#8217;s after-sales warranty<\/strong><\/p>\n<p>As it is the responsibility of each fisherman to maintain his equipment properly, Green Trail cannot offer any after-sales warranty on its products concerning damage caused by salt water (oxidation, rust, abrasion, discoloration, etc.). The life of well-maintained equipment used in salt water will be similar to that of equipment used in fresh water.<\/p>\n","protected":false},"excerpt":{"rendered":"<p>The DOCK spinning rod from the OCEAN CITY collection, made of solid fiberglass and ceramic guides. Equipped with a screw connection system for added strength and durability.\u00a0You&#8217;ll have everything you need to spend a day catching a big specimen of fish.<\/span><\/p>\n","protected":false},"featured_media":19424,"comment_status":"open","ping_status":"closed","template":"","meta":[],"product_brand":[],"product_cat":[732,1514,1284,1517,1537],"product_tag":[1322,1324,1340,1550,1548],"class_list":{"0":"post-15810","1":"product","2":"type-product","3":"status-publish","4":"has-post-thumbnail","6":"product_cat-fishing","7":"product_cat-see-all-fishing","8":"product_cat-fishing-rods","9":"product_cat-spinning-rods-en","10":"product_cat-see-all-rods","11":"product_tag-2-sections-en","12":"product_tag-action-medium-heavy","13":"product_tag-length-76","14":"product_tag-line-8-25-lb","15":"product_tag-lure-weight-3-4-2-oz","17":"first","18":"instock","19":"featured","20":"taxable","21":"shipping-taxable","22":"purchasable","23":"product-type-simple","24":"prodpage-style2"},"yoast_head":"<!-- This site is optimized with the Yoast SEO plugin v26.6 - https:\/\/yoast.com\/wordpress\/plugins\/seo\/ -->\n<title>DOCK Spinning Rod - OCEAN CITY - G2406 - Green Trail<\/title>\n<meta name=\"description\" content=\"DOCK spinning rod, length 7&#039;6&quot;, made of full fiberglass, 2 sections with screw link system, Eva handle, Action: medium-heavy.\" \/>\n<meta name=\"robots\" content=\"index, follow, max-snippet:-1, max-image-preview:large, max-video-preview:-1\" \/>\n<link rel=\"canonical\" href=\"https:\/\/greentrail.ca\/en\/product\/dock-spinning-rod-ocean-city-g2406\/\" \/>\n<meta property=\"og:locale\" content=\"en_US\" \/>\n<meta property=\"og:type\" content=\"article\" \/>\n<meta property=\"og:title\" content=\"DOCK Spinning Rod - OCEAN CITY - G2406 - Green Trail\" \/>\n<meta property=\"og:description\" content=\"DOCK spinning rod, length 7&#039;6&quot;, made of full fiberglass, 2 sections with screw link system, Eva handle, Action: medium-heavy.\" \/>\n<meta property=\"og:url\" content=\"https:\/\/greentrail.ca\/en\/product\/dock-spinning-rod-ocean-city-g2406\/\" \/>\n<meta property=\"og:site_name\" content=\"Green Trail\" \/>\n<meta property=\"article:publisher\" content=\"https:\/\/www.facebook.com\/GreenTrail.ca\" \/>\n<meta property=\"article:modified_time\" content=\"2024-04-02T18:36:02+00:00\" \/>\n<meta property=\"og:image\" content=\"https:\/\/greentrail.ca\/wp-content\/uploads\/2021\/07\/Canne-a-lancer-leger-DOCK-G2406.webp\" \/>\n\t<meta property=\"og:image:width\" content=\"800\" \/>\n\t<meta property=\"og:image:height\" content=\"800\" \/>\n\t<meta property=\"og:image:type\" content=\"image\/webp\" \/>\n<meta name=\"twitter:card\" content=\"summary_large_image\" \/>\n<meta name=\"twitter:label1\" content=\"Est. reading time\" \/>\n\t<meta name=\"twitter:data1\" content=\"3 minutes\" \/>\n<script type=\"application\/ld+json\" class=\"yoast-schema-graph\">{\"@context\":\"https:\/\/schema.org\",\"@graph\":[{\"@type\":\"WebPage\",\"@id\":\"https:\/\/greentrail.ca\/en\/product\/dock-spinning-rod-ocean-city-g2406\/\",\"url\":\"https:\/\/greentrail.ca\/en\/product\/dock-spinning-rod-ocean-city-g2406\/\",\"name\":\"DOCK Spinning Rod - OCEAN CITY - G2406 - Green Trail\",\"isPartOf\":{\"@id\":\"http:\/\/greentrail.ca\/en\/#website\"},\"primaryImageOfPage\":{\"@id\":\"https:\/\/greentrail.ca\/en\/product\/dock-spinning-rod-ocean-city-g2406\/#primaryimage\"},\"image\":{\"@id\":\"https:\/\/greentrail.ca\/en\/product\/dock-spinning-rod-ocean-city-g2406\/#primaryimage\"},\"thumbnailUrl\":\"https:\/\/greentrail.ca\/wp-content\/uploads\/2021\/07\/Canne-a-lancer-leger-DOCK-G2406.webp\",\"datePublished\":\"2021-07-21T18:25:13+00:00\",\"dateModified\":\"2024-04-02T18:36:02+00:00\",\"description\":\"DOCK spinning rod, length 7'6\\\", made of full fiberglass, 2 sections with screw link system, Eva handle, Action: medium-heavy.\",\"breadcrumb\":{\"@id\":\"https:\/\/greentrail.ca\/en\/product\/dock-spinning-rod-ocean-city-g2406\/#breadcrumb\"},\"inLanguage\":\"en-US\",\"potentialAction\":[{\"@type\":\"ReadAction\",\"target\":[\"https:\/\/greentrail.ca\/en\/product\/dock-spinning-rod-ocean-city-g2406\/\"]}]},{\"@type\":\"ImageObject\",\"inLanguage\":\"en-US\",\"@id\":\"https:\/\/greentrail.ca\/en\/product\/dock-spinning-rod-ocean-city-g2406\/#primaryimage\",\"url\":\"https:\/\/greentrail.ca\/wp-content\/uploads\/2021\/07\/Canne-a-lancer-leger-DOCK-G2406.webp\",\"contentUrl\":\"https:\/\/greentrail.ca\/wp-content\/uploads\/2021\/07\/Canne-a-lancer-leger-DOCK-G2406.webp\",\"width\":800,\"height\":800,\"caption\":\"DOCK Spinning Rod G2406\"},{\"@type\":\"BreadcrumbList\",\"@id\":\"https:\/\/greentrail.ca\/en\/product\/dock-spinning-rod-ocean-city-g2406\/#breadcrumb\",\"itemListElement\":[{\"@type\":\"ListItem\",\"position\":1,\"name\":\"Accueil\",\"item\":\"http:\/\/greentrail.ca\/en\/\"},{\"@type\":\"ListItem\",\"position\":2,\"name\":\"Shop\",\"item\":\"http:\/\/greentrail.ca\/en\/shop\/\"},{\"@type\":\"ListItem\",\"position\":3,\"name\":\"DOCK Spinning Rod &#8211; OCEAN CITY &#8211; G2406\"}]},{\"@type\":\"WebSite\",\"@id\":\"http:\/\/greentrail.ca\/en\/#website\",\"url\":\"http:\/\/greentrail.ca\/en\/\",\"name\":\"Green Trail\",\"description\":\"Guided By Nature TM\",\"publisher\":{\"@id\":\"http:\/\/greentrail.ca\/en\/#organization\"},\"potentialAction\":[{\"@type\":\"SearchAction\",\"target\":{\"@type\":\"EntryPoint\",\"urlTemplate\":\"http:\/\/greentrail.ca\/en\/?s={search_term_string}\"},\"query-input\":{\"@type\":\"PropertyValueSpecification\",\"valueRequired\":true,\"valueName\":\"search_term_string\"}}],\"inLanguage\":\"en-US\"},{\"@type\":\"Organization\",\"@id\":\"http:\/\/greentrail.ca\/en\/#organization\",\"name\":\"Green Trail - Guided by nature\",\"url\":\"http:\/\/greentrail.ca\/en\/\",\"logo\":{\"@type\":\"ImageObject\",\"inLanguage\":\"en-US\",\"@id\":\"http:\/\/greentrail.ca\/en\/#\/schema\/logo\/image\/\",\"url\":\"https:\/\/greentrail.ca\/wp-content\/uploads\/2019\/12\/0_footer.-GTpng.png\",\"contentUrl\":\"https:\/\/greentrail.ca\/wp-content\/uploads\/2019\/12\/0_footer.-GTpng.png\",\"width\":292,\"height\":112,\"caption\":\"Green Trail - Guided by nature\"},\"image\":{\"@id\":\"http:\/\/greentrail.ca\/en\/#\/schema\/logo\/image\/\"},\"sameAs\":[\"https:\/\/www.facebook.com\/GreenTrail.ca\",\"https:\/\/www.youtube.com\/channel\/UC1WZQ4MJiVIWi3Bi0__nqxA\",\"https:\/\/www.instagram.com\/greentrail.ca\/\"]}]}<\/script>\n<!-- \/ Yoast SEO plugin. -->","yoast_head_json":{"title":"DOCK Spinning Rod - OCEAN CITY - G2406 - Green Trail","description":"DOCK spinning rod, length 7'6\", made of full fiberglass, 2 sections with screw link system, Eva handle, Action: medium-heavy.","robots":{"index":"index","follow":"follow","max-snippet":"max-snippet:-1","max-image-preview":"max-image-preview:large","max-video-preview":"max-video-preview:-1"},"canonical":"https:\/\/greentrail.ca\/en\/product\/dock-spinning-rod-ocean-city-g2406\/","og_locale":"en_US","og_type":"article","og_title":"DOCK Spinning Rod - OCEAN CITY - G2406 - Green Trail","og_description":"DOCK spinning rod, length 7'6\", made of full fiberglass, 2 sections with screw link system, Eva handle, Action: medium-heavy.","og_url":"https:\/\/greentrail.ca\/en\/product\/dock-spinning-rod-ocean-city-g2406\/","og_site_name":"Green Trail","article_publisher":"https:\/\/www.facebook.com\/GreenTrail.ca","article_modified_time":"2024-04-02T18:36:02+00:00","og_image":[{"width":800,"height":800,"url":"https:\/\/greentrail.ca\/wp-content\/uploads\/2021\/07\/Canne-a-lancer-leger-DOCK-G2406.webp","type":"image\/webp"}],"twitter_card":"summary_large_image","twitter_misc":{"Est. reading time":"3 minutes"},"schema":{"@context":"https:\/\/schema.org","@graph":[{"@type":"WebPage","@id":"https:\/\/greentrail.ca\/en\/product\/dock-spinning-rod-ocean-city-g2406\/","url":"https:\/\/greentrail.ca\/en\/product\/dock-spinning-rod-ocean-city-g2406\/","name":"DOCK Spinning Rod - OCEAN CITY - G2406 - Green Trail","isPartOf":{"@id":"http:\/\/greentrail.ca\/en\/#website"},"primaryImageOfPage":{"@id":"https:\/\/greentrail.ca\/en\/product\/dock-spinning-rod-ocean-city-g2406\/#primaryimage"},"image":{"@id":"https:\/\/greentrail.ca\/en\/product\/dock-spinning-rod-ocean-city-g2406\/#primaryimage"},"thumbnailUrl":"https:\/\/greentrail.ca\/wp-content\/uploads\/2021\/07\/Canne-a-lancer-leger-DOCK-G2406.webp","datePublished":"2021-07-21T18:25:13+00:00","dateModified":"2024-04-02T18:36:02+00:00","description":"DOCK spinning rod, length 7'6\", made of full fiberglass, 2 sections with screw link system, Eva handle, Action: medium-heavy.","breadcrumb":{"@id":"https:\/\/greentrail.ca\/en\/product\/dock-spinning-rod-ocean-city-g2406\/#breadcrumb"},"inLanguage":"en-US","potentialAction":[{"@type":"ReadAction","target":["https:\/\/greentrail.ca\/en\/product\/dock-spinning-rod-ocean-city-g2406\/"]}]},{"@type":"ImageObject","inLanguage":"en-US","@id":"https:\/\/greentrail.ca\/en\/product\/dock-spinning-rod-ocean-city-g2406\/#primaryimage","url":"https:\/\/greentrail.ca\/wp-content\/uploads\/2021\/07\/Canne-a-lancer-leger-DOCK-G2406.webp","contentUrl":"https:\/\/greentrail.ca\/wp-content\/uploads\/2021\/07\/Canne-a-lancer-leger-DOCK-G2406.webp","width":800,"height":800,"caption":"DOCK Spinning Rod G2406"},{"@type":"BreadcrumbList","@id":"https:\/\/greentrail.ca\/en\/product\/dock-spinning-rod-ocean-city-g2406\/#breadcrumb","itemListElement":[{"@type":"ListItem","position":1,"name":"Accueil","item":"http:\/\/greentrail.ca\/en\/"},{"@type":"ListItem","position":2,"name":"Shop","item":"http:\/\/greentrail.ca\/en\/shop\/"},{"@type":"ListItem","position":3,"name":"DOCK Spinning Rod &#8211; OCEAN CITY &#8211; G2406"}]},{"@type":"WebSite","@id":"http:\/\/greentrail.ca\/en\/#website","url":"http:\/\/greentrail.ca\/en\/","name":"Green Trail","description":"Guided By Nature TM","publisher":{"@id":"http:\/\/greentrail.ca\/en\/#organization"},"potentialAction":[{"@type":"SearchAction","target":{"@type":"EntryPoint","urlTemplate":"http:\/\/greentrail.ca\/en\/?s={search_term_string}"},"query-input":{"@type":"PropertyValueSpecification","valueRequired":true,"valueName":"search_term_string"}}],"inLanguage":"en-US"},{"@type":"Organization","@id":"http:\/\/greentrail.ca\/en\/#organization","name":"Green Trail - Guided by nature","url":"http:\/\/greentrail.ca\/en\/","logo":{"@type":"ImageObject","inLanguage":"en-US","@id":"http:\/\/greentrail.ca\/en\/#\/schema\/logo\/image\/","url":"https:\/\/greentrail.ca\/wp-content\/uploads\/2019\/12\/0_footer.-GTpng.png","contentUrl":"https:\/\/greentrail.ca\/wp-content\/uploads\/2019\/12\/0_footer.-GTpng.png","width":292,"height":112,"caption":"Green Trail - Guided by nature"},"image":{"@id":"http:\/\/greentrail.ca\/en\/#\/schema\/logo\/image\/"},"sameAs":["https:\/\/www.facebook.com\/GreenTrail.ca","https:\/\/www.youtube.com\/channel\/UC1WZQ4MJiVIWi3Bi0__nqxA","https:\/\/www.instagram.com\/greentrail.ca\/"]}]}},"_links":{"self":[{"href":"https:\/\/greentrail.ca\/en\/wp-json\/wp\/v2\/product\/15810","targetHints":{"allow":["GET"]}}],"collection":[{"href":"https:\/\/greentrail.ca\/en\/wp-json\/wp\/v2\/product"}],"about":[{"href":"https:\/\/greentrail.ca\/en\/wp-json\/wp\/v2\/types\/product"}],"replies":[{"embeddable":true,"href":"https:\/\/greentrail.ca\/en\/wp-json\/wp\/v2\/comments?post=15810"}],"wp:featuredmedia":[{"embeddable":true,"href":"https:\/\/greentrail.ca\/en\/wp-json\/wp\/v2\/media\/19424"}],"wp:attachment":[{"href":"https:\/\/greentrail.ca\/en\/wp-json\/wp\/v2\/media?parent=15810"}],"wp:term":[{"taxonomy":"product_brand","embeddable":true,"href":"https:\/\/greentrail.ca\/en\/wp-json\/wp\/v2\/product_brand?post=15810"},{"taxonomy":"product_cat","embeddable":true,"href":"https:\/\/greentrail.ca\/en\/wp-json\/wp\/v2\/product_cat?post=15810"},{"taxonomy":"product_tag","embeddable":true,"href":"https:\/\/greentrail.ca\/en\/wp-json\/wp\/v2\/product_tag?post=15810"}],"curies":[{"name":"wp","href":"https:\/\/api.w.org\/{rel}","templated":true}]}}