{"id":22303,"date":"2024-01-31T17:34:16","date_gmt":"2024-01-31T21:34:16","guid":{"rendered":"https:\/\/greentrail.ca\/?page_id=22303"},"modified":"2024-01-31T17:44:25","modified_gmt":"2024-01-31T21:44:25","slug":"imprint","status":"publish","type":"page","link":"https:\/\/greentrail.ca\/en\/imprint\/","title":{"rendered":"Imprint"},"content":{"rendered":"\n<!-- Legal document generated by Complianz | GDPR\/CCPA Cookie Consent https:\/\/wordpress.org\/plugins\/complianz-gdpr -->\n<div id=\"cmplz-document\" class=\"cmplz-document impressum cmplz-document-all\"><p><i>This imprint was last updated on January 31, 2024.<\/i><\/p><p class=\"cmplz-subtitle\">The owner of this website is:<\/p><p>Naturmania inc. Soci\u00e9t\u00e9 par actions, compagnie<br>270 rue de Bordeaux Saint-Augustin-de-Desmaures (Qu\u00e9bec) G3A2V2<br>Canada<br>Email:&nbsp;<span class=\"cmplz-obfuscate\">&#105;&#110;&#102;&#111;@<span class=\"cmplz-fmail-domain\">&#101;&#120;.&#099;&#111;&#109;<\/span>&#110;a&#116;&#117;r&#109;an&#105;a.&#099;&#097;<\/span><br>Phone number: 1-418-878-8601<br>VAT ID:&nbsp;1015370064TQ0001<\/p><p class=\"cmplz-subtitle\">The legal representative(s) of Naturmania inc. Soci\u00e9t\u00e9 par actions, compagnie:<\/p><p>St\u00e9phanie Bernadet<\/p><h2>1. General<\/h2><p class=\"cmplz-subtitle\">1.1 We are registered at Registraire des entreprises du Qu\u00e9bec under the license or registration number:<\/p><p>1142040600<\/p><p>We are not willing or obliged to participate in dispute resolution procedures before a consumer arbitration board.<\/p><\/div>","protected":false},"excerpt":{"rendered":"","protected":false},"author":1,"featured_media":0,"parent":0,"menu_order":0,"comment_status":"closed","ping_status":"closed","template":"","meta":{"footnotes":""},"class_list":["post-22303","page","type-page","status-publish","hentry","prodpage-style2"],"yoast_head":"<!-- This site is optimized with the Yoast SEO plugin v26.6 - https:\/\/yoast.com\/wordpress\/plugins\/seo\/ -->\n<title>Imprint - Green Trail<\/title>\n<meta name=\"robots\" content=\"index, follow, max-snippet:-1, max-image-preview:large, max-video-preview:-1\" \/>\n<link rel=\"canonical\" href=\"https:\/\/greentrail.ca\/en\/imprint\/\" \/>\n<meta property=\"og:locale\" content=\"en_US\" \/>\n<meta property=\"og:type\" content=\"article\" \/>\n<meta property=\"og:title\" content=\"Imprint - Green Trail\" \/>\n<meta property=\"og:url\" content=\"https:\/\/greentrail.ca\/en\/imprint\/\" \/>\n<meta property=\"og:site_name\" content=\"Green Trail\" \/>\n<meta property=\"article:publisher\" content=\"https:\/\/www.facebook.com\/GreenTrail.ca\" \/>\n<meta property=\"article:modified_time\" content=\"2024-01-31T21:44:25+00:00\" \/>\n<meta property=\"og:image\" content=\"https:\/\/greentrail.ca\/wp-content\/uploads\/2019\/11\/Gt-logo-Top-.png\" \/>\n\t<meta property=\"og:image:width\" content=\"512\" \/>\n\t<meta property=\"og:image:height\" content=\"512\" \/>\n\t<meta property=\"og:image:type\" content=\"image\/png\" \/>\n<meta name=\"twitter:card\" content=\"summary_large_image\" \/>\n<script type=\"application\/ld+json\" class=\"yoast-schema-graph\">{\"@context\":\"https:\/\/schema.org\",\"@graph\":[{\"@type\":\"WebPage\",\"@id\":\"https:\/\/greentrail.ca\/en\/imprint\/\",\"url\":\"https:\/\/greentrail.ca\/en\/imprint\/\",\"name\":\"Imprint - Green Trail\",\"isPartOf\":{\"@id\":\"http:\/\/greentrail.ca\/en\/#website\"},\"datePublished\":\"2024-01-31T21:34:16+00:00\",\"dateModified\":\"2024-01-31T21:44:25+00:00\",\"breadcrumb\":{\"@id\":\"https:\/\/greentrail.ca\/en\/imprint\/#breadcrumb\"},\"inLanguage\":\"en-US\",\"potentialAction\":[{\"@type\":\"ReadAction\",\"target\":[\"https:\/\/greentrail.ca\/en\/imprint\/\"]}]},{\"@type\":\"BreadcrumbList\",\"@id\":\"https:\/\/greentrail.ca\/en\/imprint\/#breadcrumb\",\"itemListElement\":[{\"@type\":\"ListItem\",\"position\":1,\"name\":\"Accueil\",\"item\":\"http:\/\/greentrail.ca\/en\/\"},{\"@type\":\"ListItem\",\"position\":2,\"name\":\"Imprint\"}]},{\"@type\":\"WebSite\",\"@id\":\"http:\/\/greentrail.ca\/en\/#website\",\"url\":\"http:\/\/greentrail.ca\/en\/\",\"name\":\"Green Trail\",\"description\":\"Guided By Nature TM\",\"publisher\":{\"@id\":\"http:\/\/greentrail.ca\/en\/#organization\"},\"potentialAction\":[{\"@type\":\"SearchAction\",\"target\":{\"@type\":\"EntryPoint\",\"urlTemplate\":\"http:\/\/greentrail.ca\/en\/?s={search_term_string}\"},\"query-input\":{\"@type\":\"PropertyValueSpecification\",\"valueRequired\":true,\"valueName\":\"search_term_string\"}}],\"inLanguage\":\"en-US\"},{\"@type\":\"Organization\",\"@id\":\"http:\/\/greentrail.ca\/en\/#organization\",\"name\":\"Green Trail - Guided by nature\",\"url\":\"http:\/\/greentrail.ca\/en\/\",\"logo\":{\"@type\":\"ImageObject\",\"inLanguage\":\"en-US\",\"@id\":\"http:\/\/greentrail.ca\/en\/#\/schema\/logo\/image\/\",\"url\":\"https:\/\/greentrail.ca\/wp-content\/uploads\/2019\/12\/0_footer.-GTpng.png\",\"contentUrl\":\"https:\/\/greentrail.ca\/wp-content\/uploads\/2019\/12\/0_footer.-GTpng.png\",\"width\":292,\"height\":112,\"caption\":\"Green Trail - Guided by nature\"},\"image\":{\"@id\":\"http:\/\/greentrail.ca\/en\/#\/schema\/logo\/image\/\"},\"sameAs\":[\"https:\/\/www.facebook.com\/GreenTrail.ca\",\"https:\/\/www.youtube.com\/channel\/UC1WZQ4MJiVIWi3Bi0__nqxA\",\"https:\/\/www.instagram.com\/greentrail.ca\/\"]}]}<\/script>\n<!-- \/ Yoast SEO plugin. -->","yoast_head_json":{"title":"Imprint - Green Trail","robots":{"index":"index","follow":"follow","max-snippet":"max-snippet:-1","max-image-preview":"max-image-preview:large","max-video-preview":"max-video-preview:-1"},"canonical":"https:\/\/greentrail.ca\/en\/imprint\/","og_locale":"en_US","og_type":"article","og_title":"Imprint - Green Trail","og_url":"https:\/\/greentrail.ca\/en\/imprint\/","og_site_name":"Green Trail","article_publisher":"https:\/\/www.facebook.com\/GreenTrail.ca","article_modified_time":"2024-01-31T21:44:25+00:00","og_image":[{"width":512,"height":512,"url":"https:\/\/greentrail.ca\/wp-content\/uploads\/2019\/11\/Gt-logo-Top-.png","type":"image\/png"}],"twitter_card":"summary_large_image","schema":{"@context":"https:\/\/schema.org","@graph":[{"@type":"WebPage","@id":"https:\/\/greentrail.ca\/en\/imprint\/","url":"https:\/\/greentrail.ca\/en\/imprint\/","name":"Imprint - Green Trail","isPartOf":{"@id":"http:\/\/greentrail.ca\/en\/#website"},"datePublished":"2024-01-31T21:34:16+00:00","dateModified":"2024-01-31T21:44:25+00:00","breadcrumb":{"@id":"https:\/\/greentrail.ca\/en\/imprint\/#breadcrumb"},"inLanguage":"en-US","potentialAction":[{"@type":"ReadAction","target":["https:\/\/greentrail.ca\/en\/imprint\/"]}]},{"@type":"BreadcrumbList","@id":"https:\/\/greentrail.ca\/en\/imprint\/#breadcrumb","itemListElement":[{"@type":"ListItem","position":1,"name":"Accueil","item":"http:\/\/greentrail.ca\/en\/"},{"@type":"ListItem","position":2,"name":"Imprint"}]},{"@type":"WebSite","@id":"http:\/\/greentrail.ca\/en\/#website","url":"http:\/\/greentrail.ca\/en\/","name":"Green Trail","description":"Guided By Nature TM","publisher":{"@id":"http:\/\/greentrail.ca\/en\/#organization"},"potentialAction":[{"@type":"SearchAction","target":{"@type":"EntryPoint","urlTemplate":"http:\/\/greentrail.ca\/en\/?s={search_term_string}"},"query-input":{"@type":"PropertyValueSpecification","valueRequired":true,"valueName":"search_term_string"}}],"inLanguage":"en-US"},{"@type":"Organization","@id":"http:\/\/greentrail.ca\/en\/#organization","name":"Green Trail - Guided by nature","url":"http:\/\/greentrail.ca\/en\/","logo":{"@type":"ImageObject","inLanguage":"en-US","@id":"http:\/\/greentrail.ca\/en\/#\/schema\/logo\/image\/","url":"https:\/\/greentrail.ca\/wp-content\/uploads\/2019\/12\/0_footer.-GTpng.png","contentUrl":"https:\/\/greentrail.ca\/wp-content\/uploads\/2019\/12\/0_footer.-GTpng.png","width":292,"height":112,"caption":"Green Trail - Guided by nature"},"image":{"@id":"http:\/\/greentrail.ca\/en\/#\/schema\/logo\/image\/"},"sameAs":["https:\/\/www.facebook.com\/GreenTrail.ca","https:\/\/www.youtube.com\/channel\/UC1WZQ4MJiVIWi3Bi0__nqxA","https:\/\/www.instagram.com\/greentrail.ca\/"]}]}},"_links":{"self":[{"href":"https:\/\/greentrail.ca\/en\/wp-json\/wp\/v2\/pages\/22303","targetHints":{"allow":["GET"]}}],"collection":[{"href":"https:\/\/greentrail.ca\/en\/wp-json\/wp\/v2\/pages"}],"about":[{"href":"https:\/\/greentrail.ca\/en\/wp-json\/wp\/v2\/types\/page"}],"author":[{"embeddable":true,"href":"https:\/\/greentrail.ca\/en\/wp-json\/wp\/v2\/users\/1"}],"replies":[{"embeddable":true,"href":"https:\/\/greentrail.ca\/en\/wp-json\/wp\/v2\/comments?post=22303"}],"version-history":[{"count":0,"href":"https:\/\/greentrail.ca\/en\/wp-json\/wp\/v2\/pages\/22303\/revisions"}],"wp:attachment":[{"href":"https:\/\/greentrail.ca\/en\/wp-json\/wp\/v2\/media?parent=22303"}],"curies":[{"name":"wp","href":"https:\/\/api.w.org\/{rel}","templated":true}]}}