{"id":17194,"date":"2022-07-25T15:47:29","date_gmt":"2022-07-25T19:47:29","guid":{"rendered":"https:\/\/greentrail.ca\/?page_id=17194"},"modified":"2024-04-24T13:25:29","modified_gmt":"2024-04-24T17:25:29","slug":"war-hound-fishing-rod","status":"publish","type":"page","link":"https:\/\/greentrail.ca\/en\/war-hound-fishing-rod\/","title":{"rendered":"WAR HOUND"},"content":{"rendered":"\n<p>PERFORMANCE, SENSIBILIT\u00c9, R\u00c9ACTIVIT\u00c9 &amp; PR\u00c9CISION directement dans la main du p\u00eacheur<\/p>\n\n<p>G2461, G2602<\/p>\n\n<p>Cannes \u00e0 p\u00eache WAR HOUND<\/p>\n\n<p>Synonyme de performance, les cannes \u00e0 p\u00eache WAR HOUND sont con\u00e7ues dans le but d\u2019offrir aux p\u00eacheurs des cannes sensibles et r\u00e9actives, qui procurent une distance et une pr\u00e9cision de lancer incroyables. C\u2019est par un choix des composantes minutieux que nos cannes permettent de transf\u00e9rer efficacement et facilement plus d&#8217;\u00e9nergie et de sensibilit\u00e9 \u00e0 travers le brin, jusque dans la main du p\u00eacheur.<\/p>\n\n<p>PERFORMANCE &amp; SENSIBILIT\u00c9: Poign\u00e9e monocoque en carbone<\/p>\n\n<p>Les cannes \u00e0 p\u00eache War Hound associent une poign\u00e9e monocoque en carbone creuse et un si\u00e8ge de moulinet Fuji pour obtenir jusqu\u2019\u00e0 25% plus de sensibilit\u00e9 que les mod\u00e8les de poign\u00e9es traditionnelles. En plus d\u2019assurer une l\u00e9g\u00e8ret\u00e9 sup\u00e9rieure, les poign\u00e9es monocoques assurent un contact direct avec le c\u0153ur du brin de la canne \u00e0 p\u00eache, transmettant les plus fines vibrations du leurre ou des morsures directement dans la paume du p\u00eacheur.<\/p>\n\n<p>R\u00c9ACTIVIT\u00c9 &amp; PR\u00c9CISION: Construction en fibre de carbone IM9-40T<\/p>\n\n<p>L\u2019indice IM indique que la tige est plus l\u00e9g\u00e8re et plus rigide qu\u2019une canne avec un indice IM moindre. IM6 est la &#8220;norme&#8221; g\u00e9n\u00e9rale pour une canne flexible, mais l\u00e9g\u00e8rement plus lourde. Notre brin IM9 procure \u00e0 la canne plus de l\u00e9g\u00e8ret\u00e9 et de rigidit\u00e9. Plus le tonnage(T) de graphite est \u00e9lev\u00e9, plus le graphite est rigide et plus les vibrations sont transmises \u00e0 travers la canne \u00e0 p\u00eache. Notre canne 40T (tonnes) est plus durable que les cannes de 50 ou 60 tonnes, tout en restant tr\u00e8s l\u00e9g\u00e8re et sensible, en particulier lorsqu&#8217;elle est utilis\u00e9e avec une ligne tress\u00e9e. Contrairement aux techniques de tressage du carbone traditionnelles, le tressage de carbone utilis\u00e9 est invers\u00e9 \u00e0 l\u2019int\u00e9rieur et \u00e0 l\u2019ext\u00e9rieur, ce qui renforce er assure toute la puissance de la canne.<\/p>\n\n<p>\u2022\u00a0\u00a02 sections<\/p>\n\n<p>\u2022\u00a0\u00a0Action Extra-Fast\u00a0\u00a0\u00a0\u00a0\u00a0<\/p>\n\n<p>\u2022\u00a0\u00a0Puissance Medium-Heavy<\/p>\n\n<p>\u2022\u00a0\u00a0Construction fibre de carbone IM9-40T<\/p>\n\n<p>\u2022\u00a0\u00a0Guides\u00a0\u00a0avec anneaux en c\u00e9ramique<\/p>\n\n<p>\u2022\u00a0\u00a0Guide Fuji\u00ae final avec anneau en alconite<\/p>\n\n<p>\u2022\u00a0\u00a0Si\u00e8ge de moulinet Fuji\u00ae<\/p>\n\n<p>\u2022\u00a0\u00a0Poign\u00e9e en carbone monocoque<\/p>\n\n<p> PLUS D&#8217;\u00c9NERGIE, PLUS DE SENSIBILIT\u00c9, PLUS DE PRISES<\/p>\n","protected":false},"excerpt":{"rendered":"<p>PERFORMANCE, SENSIBILIT\u00c9, R\u00c9ACTIVIT\u00c9 &amp; PR\u00c9CISION directement dans la main du p\u00eacheur G2461, G2602 Cannes \u00e0 p\u00eache WAR HOUND Synonyme de performance, les cannes \u00e0 p\u00eache WAR HOUND sont con\u00e7ues dans le but d\u2019offrir aux p\u00eacheurs des cannes sensibles et r\u00e9actives, qui procurent une distance et une pr\u00e9cision de lancer incroyables. C\u2019est par un choix des<\/p>\n","protected":false},"author":281,"featured_media":0,"parent":0,"menu_order":0,"comment_status":"closed","ping_status":"closed","template":"","meta":{"footnotes":""},"class_list":["post-17194","page","type-page","status-publish","hentry","prodpage-style2"],"yoast_head":"<!-- This site is optimized with the Yoast SEO plugin v26.6 - https:\/\/yoast.com\/wordpress\/plugins\/seo\/ -->\n<title>WAR HOUND - Green Trail<\/title>\n<meta name=\"description\" content=\"WAR HOUND fishing rods: PERFORMANCE, SENSITIVITY, REACTIVITY &amp; PRECISION DIRECTLY IN THE FISHERMAN&#039;S HAND. It is through a careful choice of components that our rods make it possible to efficiently and easily transfer more energy and sensitivity through the strand, into the angler&#039;s hand.\" \/>\n<meta name=\"robots\" content=\"index, follow, max-snippet:-1, max-image-preview:large, max-video-preview:-1\" \/>\n<link rel=\"canonical\" href=\"https:\/\/greentrail.ca\/en\/war-hound-fishing-rod\/\" \/>\n<meta property=\"og:locale\" content=\"en_US\" \/>\n<meta property=\"og:type\" content=\"article\" \/>\n<meta property=\"og:title\" content=\"WAR HOUND - Green Trail\" \/>\n<meta property=\"og:description\" content=\"WAR HOUND fishing rods: PERFORMANCE, SENSITIVITY, REACTIVITY &amp; PRECISION DIRECTLY IN THE FISHERMAN&#039;S HAND. It is through a careful choice of components that our rods make it possible to efficiently and easily transfer more energy and sensitivity through the strand, into the angler&#039;s hand.\" \/>\n<meta property=\"og:url\" content=\"https:\/\/greentrail.ca\/en\/war-hound-fishing-rod\/\" \/>\n<meta property=\"og:site_name\" content=\"Green Trail\" \/>\n<meta property=\"article:publisher\" content=\"https:\/\/www.facebook.com\/GreenTrail.ca\" \/>\n<meta property=\"article:modified_time\" content=\"2024-04-24T17:25:29+00:00\" \/>\n<meta property=\"og:image\" content=\"https:\/\/greentrail.ca\/wp-content\/uploads\/2019\/11\/Gt-logo-Top-.png\" \/>\n\t<meta property=\"og:image:width\" content=\"512\" \/>\n\t<meta property=\"og:image:height\" content=\"512\" \/>\n\t<meta property=\"og:image:type\" content=\"image\/png\" \/>\n<meta name=\"twitter:card\" content=\"summary_large_image\" \/>\n<meta name=\"twitter:label1\" content=\"Est. reading time\" \/>\n\t<meta name=\"twitter:data1\" content=\"2 minutes\" \/>\n<script type=\"application\/ld+json\" class=\"yoast-schema-graph\">{\"@context\":\"https:\/\/schema.org\",\"@graph\":[{\"@type\":\"WebPage\",\"@id\":\"https:\/\/greentrail.ca\/en\/war-hound-fishing-rod\/\",\"url\":\"https:\/\/greentrail.ca\/en\/war-hound-fishing-rod\/\",\"name\":\"WAR HOUND - Green Trail\",\"isPartOf\":{\"@id\":\"https:\/\/greentrail.ca\/en\/#website\"},\"datePublished\":\"2022-07-25T19:47:29+00:00\",\"dateModified\":\"2024-04-24T17:25:29+00:00\",\"description\":\"WAR HOUND fishing rods: PERFORMANCE, SENSITIVITY, REACTIVITY & PRECISION DIRECTLY IN THE FISHERMAN'S HAND. It is through a careful choice of components that our rods make it possible to efficiently and easily transfer more energy and sensitivity through the strand, into the angler's hand.\",\"breadcrumb\":{\"@id\":\"https:\/\/greentrail.ca\/en\/war-hound-fishing-rod\/#breadcrumb\"},\"inLanguage\":\"en-US\",\"potentialAction\":[{\"@type\":\"ReadAction\",\"target\":[\"https:\/\/greentrail.ca\/en\/war-hound-fishing-rod\/\"]}]},{\"@type\":\"BreadcrumbList\",\"@id\":\"https:\/\/greentrail.ca\/en\/war-hound-fishing-rod\/#breadcrumb\",\"itemListElement\":[{\"@type\":\"ListItem\",\"position\":1,\"name\":\"Accueil\",\"item\":\"https:\/\/greentrail.ca\/en\/\"},{\"@type\":\"ListItem\",\"position\":2,\"name\":\"WAR HOUND\"}]},{\"@type\":\"WebSite\",\"@id\":\"https:\/\/greentrail.ca\/en\/#website\",\"url\":\"https:\/\/greentrail.ca\/en\/\",\"name\":\"Green Trail\",\"description\":\"Guided By Nature TM\",\"publisher\":{\"@id\":\"https:\/\/greentrail.ca\/en\/#organization\"},\"potentialAction\":[{\"@type\":\"SearchAction\",\"target\":{\"@type\":\"EntryPoint\",\"urlTemplate\":\"https:\/\/greentrail.ca\/en\/?s={search_term_string}\"},\"query-input\":{\"@type\":\"PropertyValueSpecification\",\"valueRequired\":true,\"valueName\":\"search_term_string\"}}],\"inLanguage\":\"en-US\"},{\"@type\":\"Organization\",\"@id\":\"https:\/\/greentrail.ca\/en\/#organization\",\"name\":\"Green Trail - Guided by nature\",\"url\":\"https:\/\/greentrail.ca\/en\/\",\"logo\":{\"@type\":\"ImageObject\",\"inLanguage\":\"en-US\",\"@id\":\"https:\/\/greentrail.ca\/en\/#\/schema\/logo\/image\/\",\"url\":\"https:\/\/greentrail.ca\/wp-content\/uploads\/2019\/12\/0_footer.-GTpng.png\",\"contentUrl\":\"https:\/\/greentrail.ca\/wp-content\/uploads\/2019\/12\/0_footer.-GTpng.png\",\"width\":292,\"height\":112,\"caption\":\"Green Trail - Guided by nature\"},\"image\":{\"@id\":\"https:\/\/greentrail.ca\/en\/#\/schema\/logo\/image\/\"},\"sameAs\":[\"https:\/\/www.facebook.com\/GreenTrail.ca\",\"https:\/\/www.youtube.com\/channel\/UC1WZQ4MJiVIWi3Bi0__nqxA\",\"https:\/\/www.instagram.com\/greentrail.ca\/\"]}]}<\/script>\n<!-- \/ Yoast SEO plugin. -->","yoast_head_json":{"title":"WAR HOUND - Green Trail","description":"WAR HOUND fishing rods: PERFORMANCE, SENSITIVITY, REACTIVITY & PRECISION DIRECTLY IN THE FISHERMAN'S HAND. It is through a careful choice of components that our rods make it possible to efficiently and easily transfer more energy and sensitivity through the strand, into the angler's hand.","robots":{"index":"index","follow":"follow","max-snippet":"max-snippet:-1","max-image-preview":"max-image-preview:large","max-video-preview":"max-video-preview:-1"},"canonical":"https:\/\/greentrail.ca\/en\/war-hound-fishing-rod\/","og_locale":"en_US","og_type":"article","og_title":"WAR HOUND - Green Trail","og_description":"WAR HOUND fishing rods: PERFORMANCE, SENSITIVITY, REACTIVITY & PRECISION DIRECTLY IN THE FISHERMAN'S HAND. It is through a careful choice of components that our rods make it possible to efficiently and easily transfer more energy and sensitivity through the strand, into the angler's hand.","og_url":"https:\/\/greentrail.ca\/en\/war-hound-fishing-rod\/","og_site_name":"Green Trail","article_publisher":"https:\/\/www.facebook.com\/GreenTrail.ca","article_modified_time":"2024-04-24T17:25:29+00:00","og_image":[{"width":512,"height":512,"url":"https:\/\/greentrail.ca\/wp-content\/uploads\/2019\/11\/Gt-logo-Top-.png","type":"image\/png"}],"twitter_card":"summary_large_image","twitter_misc":{"Est. reading time":"2 minutes"},"schema":{"@context":"https:\/\/schema.org","@graph":[{"@type":"WebPage","@id":"https:\/\/greentrail.ca\/en\/war-hound-fishing-rod\/","url":"https:\/\/greentrail.ca\/en\/war-hound-fishing-rod\/","name":"WAR HOUND - Green Trail","isPartOf":{"@id":"https:\/\/greentrail.ca\/en\/#website"},"datePublished":"2022-07-25T19:47:29+00:00","dateModified":"2024-04-24T17:25:29+00:00","description":"WAR HOUND fishing rods: PERFORMANCE, SENSITIVITY, REACTIVITY & PRECISION DIRECTLY IN THE FISHERMAN'S HAND. It is through a careful choice of components that our rods make it possible to efficiently and easily transfer more energy and sensitivity through the strand, into the angler's hand.","breadcrumb":{"@id":"https:\/\/greentrail.ca\/en\/war-hound-fishing-rod\/#breadcrumb"},"inLanguage":"en-US","potentialAction":[{"@type":"ReadAction","target":["https:\/\/greentrail.ca\/en\/war-hound-fishing-rod\/"]}]},{"@type":"BreadcrumbList","@id":"https:\/\/greentrail.ca\/en\/war-hound-fishing-rod\/#breadcrumb","itemListElement":[{"@type":"ListItem","position":1,"name":"Accueil","item":"https:\/\/greentrail.ca\/en\/"},{"@type":"ListItem","position":2,"name":"WAR HOUND"}]},{"@type":"WebSite","@id":"https:\/\/greentrail.ca\/en\/#website","url":"https:\/\/greentrail.ca\/en\/","name":"Green Trail","description":"Guided By Nature TM","publisher":{"@id":"https:\/\/greentrail.ca\/en\/#organization"},"potentialAction":[{"@type":"SearchAction","target":{"@type":"EntryPoint","urlTemplate":"https:\/\/greentrail.ca\/en\/?s={search_term_string}"},"query-input":{"@type":"PropertyValueSpecification","valueRequired":true,"valueName":"search_term_string"}}],"inLanguage":"en-US"},{"@type":"Organization","@id":"https:\/\/greentrail.ca\/en\/#organization","name":"Green Trail - Guided by nature","url":"https:\/\/greentrail.ca\/en\/","logo":{"@type":"ImageObject","inLanguage":"en-US","@id":"https:\/\/greentrail.ca\/en\/#\/schema\/logo\/image\/","url":"https:\/\/greentrail.ca\/wp-content\/uploads\/2019\/12\/0_footer.-GTpng.png","contentUrl":"https:\/\/greentrail.ca\/wp-content\/uploads\/2019\/12\/0_footer.-GTpng.png","width":292,"height":112,"caption":"Green Trail - Guided by nature"},"image":{"@id":"https:\/\/greentrail.ca\/en\/#\/schema\/logo\/image\/"},"sameAs":["https:\/\/www.facebook.com\/GreenTrail.ca","https:\/\/www.youtube.com\/channel\/UC1WZQ4MJiVIWi3Bi0__nqxA","https:\/\/www.instagram.com\/greentrail.ca\/"]}]}},"_links":{"self":[{"href":"https:\/\/greentrail.ca\/en\/wp-json\/wp\/v2\/pages\/17194","targetHints":{"allow":["GET"]}}],"collection":[{"href":"https:\/\/greentrail.ca\/en\/wp-json\/wp\/v2\/pages"}],"about":[{"href":"https:\/\/greentrail.ca\/en\/wp-json\/wp\/v2\/types\/page"}],"author":[{"embeddable":true,"href":"https:\/\/greentrail.ca\/en\/wp-json\/wp\/v2\/users\/281"}],"replies":[{"embeddable":true,"href":"https:\/\/greentrail.ca\/en\/wp-json\/wp\/v2\/comments?post=17194"}],"version-history":[{"count":0,"href":"https:\/\/greentrail.ca\/en\/wp-json\/wp\/v2\/pages\/17194\/revisions"}],"wp:attachment":[{"href":"https:\/\/greentrail.ca\/en\/wp-json\/wp\/v2\/media?parent=17194"}],"curies":[{"name":"wp","href":"https:\/\/api.w.org\/{rel}","templated":true}]}}