{"id":12364,"date":"2018-03-09T11:03:48","date_gmt":"2018-03-09T15:03:48","guid":{"rendered":"https:\/\/greentrail.ca\/confidentialite-2\/"},"modified":"2020-03-24T11:33:47","modified_gmt":"2020-03-24T15:33:47","slug":"privacy-policy","status":"publish","type":"page","link":"https:\/\/greentrail.ca\/en\/privacy-policy\/","title":{"rendered":"Privacy policy"},"content":{"rendered":"<p><strong>En vigueur en date du 13 avril 2018<\/strong><\/p>\n<p><strong>&nbsp;<\/strong><\/p>\n<p><strong>RENSEIGNEMENTS RECUEILLIS<\/strong><\/p>\n<p>Lorsque vous effectuez un achat sur notre boutique en ligne, que vous retournez ou \u00e9changez un produit, demandez \u00e0 recevoir un catalogue ou autres situations semblables, nous recueillons les renseignements personnels que vous nous fournissez, tels que votre nom, votre adresse de facturation et d\u2019exp\u00e9dition, votre num\u00e9ro de t\u00e9l\u00e9phone et votre adresse e-mail.<\/p>\n<p>&nbsp;<\/p>\n<p>Nous devons aussi recueillir certaines informations vous concernant lorsque vous vous inscrivez \u00e0 une liste d\u2019envoi, \u00e0 notre site Web, \u00e0 des concours ou des promotions et que vous r\u00e9pondez \u00e0 un sondage. Il en est de m\u00eame lorsque vous nous transmettez un commentaire, posez une question ou souhaitez porter plainte.<\/p>\n<p>&nbsp;<\/p>\n<p>De plus, lorsque vous visitez notre site Web ou que vous naviguez sur notre boutique, nous recevons \u00e9galement automatiquement l\u2019adresse de protocole Internet (adresse IP) de votre ordinateur, qui nous permet d\u2019obtenir plus de d\u00e9tails au sujet du navigateur et du syst\u00e8me d\u2019exploitation que vous utilisez, du nom de domaine du site Web \u00e0 partir duquel vous avez acc\u00e9d\u00e9 \u00e0 notre site Web, du temps pass\u00e9 sur notre site Web ainsi que des habitudes d\u2019utilisation de celui-ci.<\/p>\n<p><strong>&nbsp;<\/strong><\/p>\n<p><strong>CONSENTEMENT<\/strong><\/p>\n<p>Dans les circonstances mentionn\u00e9es pr\u00e9c\u00e9demment, nous pr\u00e9sumons que vous consentez \u00e0 ce que nous recueillions vos renseignements et \u00e0 ce que nous les utilisions \u00e0 ces fins.<\/p>\n<p>&nbsp;<\/p>\n<p>De plus, \u00e0 moins que vous y renonciez, nous pourrions vous envoyer des e-mails, \u00e0 la suite de votre inscription \u00e0 notre infolettre ou \u00e0 un achat, au sujet de notre boutique en ligne, de nouveaux produits, de rabais et de promotions.<\/p>\n<p>&nbsp;<\/p>\n<p>Mais, nous ne vous contacterons que si vous le souhaitez. Vous \u00eates libres en tout temps de ne pas recevoir nos communications en cliquant sur le bouton \u00ab Se d\u00e9sabonner \u00bb qui figure au bas de nos courriels ou en communiquant avec nous \u00e0 l\u2019adresse suivante&nbsp;: \u00ad\u00ad\u00ad\u00ad\u00ad\u00ad\u00ad\u00ad\u00ad\u00ad\u00ad\u00ad\u00ad\u00ad\u00ad\u00adinfo@naturmania.ca.<\/p>\n<p>&nbsp;<\/p>\n<p>\u00c0 tout \u00e9v\u00e9nement si, apr\u00e8s nous avoir donn\u00e9 votre consentement, vous changez d\u2019avis et ne consentez plus \u00e0 ce que nous puissions vous contacter, recueillir vos renseignements ou les divulguer, vous pouvez en tout temps nous en aviser en nous contactant \u00e0 <a href=\"mailto:info@naturmania.ca\">info@naturmania.ca<\/a> ou par courrier au 270 rue de Bordeaux, St-Augustin-de-Desmaures, QC. G3A 2V2.<\/p>\n<p>&nbsp;<\/p>\n<p>&nbsp;<\/p>\n<p><strong>\u00c2GE DU CONSENTEMENT<\/strong><\/p>\n<p>Vous d\u00e9clarez avoir l\u2019\u00e2ge de la majorit\u00e9 dans votre lieu de r\u00e9sidence. Dans le cas contraire, vous pouvez naviguer sur notre site Web, mais ne pouvez y effectuer d\u2019achat. Pour toute commande, il vous faut alors demander \u00e0 l\u2019un de vos parents de la passer pour vous.<\/p>\n<p>&nbsp;<\/p>\n<p><strong>PROTECTION DES RENSEIGNEMENTS PERSONNELS<\/strong><\/p>\n<p>Nous avons \u00e0 c\u0153ur la protection des renseignements personnels que vous nous fournissez et sommes conscients de leur caract\u00e8re sensible. C\u2019est pourquoi, nous nous engageons, sauf indication \u00e0 l\u2019effet contraire ou sans avoir obtenu au pr\u00e9alable leur consentement, \u00e0 ne pas divulguer, louer, vendre ou c\u00e9der \u00e0 des tiers, ni \u00e9changer avec des tiers, les renseignements personnels concernant nos clients. De plus, nous nous engageons \u00e0 prendre toutes les mesures n\u00e9cessaires pour les prot\u00e9ger ad\u00e9quatement.<\/p>\n<p>&nbsp;<\/p>\n<p>Malgr\u00e9 ce qui pr\u00e9c\u00e8de, il faut savoir que vos renseignements personnels pourraient \u00eatre divulgu\u00e9s si la loi ou la Justice le requi\u00e8re ou nous oblige \u00e0 le faire.<\/p>\n<p>&nbsp;<\/p>\n<p>En outre, il ne faut pas n\u00e9gliger le fait que, malheureusement, aucune transmission de donn\u00e9es sur Internet ne peut \u00eatre consid\u00e9r\u00e9e comme absolument s\u00fbre, \u00e9tanche, s\u00e9curitaire et \u00e0 l\u2019abri de tout risque. Par cons\u00e9quent, Naturmania inc. ne peut absolument pas d\u00e9clarer ni garantir que les renseignements personnels ne seront jamais perdus, mal utilis\u00e9s ou modifi\u00e9s. \u00c0 titre d\u2019exemple, Naturmania inc. n\u2019assume aucune responsabilit\u00e9 \u00e0 l\u2019\u00e9gard&nbsp;: des renseignements personnels que vous lui transmettez par Internet, des \u00e9checs du syst\u00e8me, ni \u00e0 l&#8217;\u00e9gard de l\u2019utilisation ou de la mauvaise utilisation des renseignements personnels qui peut d\u00e9couler de votre fait ou de celui de tiers, non plus que d\u2019un acc\u00e8s ou de l\u2019intrusion par des tiers non autoris\u00e9s.<\/p>\n<p><strong>&nbsp;<\/strong><\/p>\n<p><strong>FOURNISSEURS TIERS<\/strong><\/p>\n<p>Dans certaines situations, vos renseignements personnels doivent \u00eatre communiqu\u00e9s \u00e0 nos fournisseurs tiers tels que, mais non limitativement&nbsp;: les passerelles de paiement et autres processeurs de transactions de paiement, l\u2019h\u00e9bergeur de notre site Web, la transmission de courriels ou d\u2019autres communications pour notre compte, l\u2019organisation des concours et promotions ou l\u2019analyse de l\u2019efficacit\u00e9 de notre strat\u00e9gie publicitaire.<\/p>\n<p>&nbsp;<\/p>\n<p>De mani\u00e8re g\u00e9n\u00e9rale, les fournisseurs tiers que nous utilisons vont uniquement recueillir, utiliser et divulguer vos renseignements dans la mesure o\u00f9 il est n\u00e9cessaire de le faire pour pouvoir r\u00e9aliser les services qu\u2019ils nous fournissent. Ces fournisseurs de services sont \u00e9galement li\u00e9s par des conventions de non-divulgation et des restrictions l\u00e9gales r\u00e9gissant leur utilisation des renseignements que nous leur communiquons, et ils ne sont pas autoris\u00e9s \u00e0 utiliser ou \u00e0 divulguer des renseignements personnels \u00e0 d\u2019autres fins que la prestation des services pour notre compte ou selon ce qui est autrement exig\u00e9 par la loi applicable.<\/p>\n<p>&nbsp;<\/p>\n<p>Par pr\u00e9caution, en ce qui concerne ces fournisseurs tiers, nous vous recommandons de lire attentivement leurs politiques de confidentialit\u00e9 pour que vous puissiez comprendre la mani\u00e8re dont ils traiteront vos renseignements personnels. En effet, une fois que vous quittez notre site Web ou que vous \u00eates redirig\u00e9 vers le site Web ou l\u2019application d\u2019un tiers, sachez que vous n\u2019\u00eates plus r\u00e9gi par la pr\u00e9sente Politique de Confidentialit\u00e9. Par cons\u00e9quent, nous n\u2019assumons aucune responsabilit\u00e9 quant aux pratiques de confidentialit\u00e9 exerc\u00e9es par ces autres sites non plus que par nos fournisseurs tiers et c\u2019est la raison pour laquelle nous vous recommandons de lire attentivement leurs politiques de confidentialit\u00e9.<\/p>\n<p>&nbsp;<\/p>\n<p>&nbsp;<\/p>\n<p><strong>MODIFICATIONS ET ACCEPTATION<\/strong><\/p>\n<p>Nous nous r\u00e9servons le droit de modifier la pr\u00e9sente politique de confidentialit\u00e9 \u00e0 tout moment, donc veuillez s\u2019il vous pla\u00eet la consulter fr\u00e9quemment. Les changements et les clarifications prendront effet imm\u00e9diatement apr\u00e8s leur publication sur notre site. Il est donc recommand\u00e9 de porter attention \u00e0 la date d\u2019entr\u00e9e en vigueur mentionn\u00e9e ci-haut.<\/p>\n<p>&nbsp;<\/p>\n<p>L\u2019utilisation de notre site est fond\u00e9e sur l\u2019acceptation de la pr\u00e9sente politique. Si vous n\u2019\u00eates pas d\u2019accord avec ses termes, vous ne devez pas utiliser notre site. En acc\u00e9dant, navigant et vous pr\u00e9valant des services offerts sur notre site, vous reconnaissez avoir pris connaissance et accept\u00e9 les termes de la pr\u00e9sente politique de confidentialit\u00e9.<\/p>\n<p><strong>&nbsp;<\/strong><\/p>\n<p><strong>POUR NOUS JOINDRE<\/strong><\/p>\n<p>Si vous souhaitez: acc\u00e9der \u00e0, corriger, modifier ou supprimer toute information que nous d\u00e9tenons \u00e0 votre sujet, d\u00e9poser une plainte, ou si vous souhaitez simplement avoir plus d\u2019informations, vous \u00eates pri\u00e9s de nous contacter \u00e0 l\u2019adresse de courriel suivante <a href=\"mailto:info@naturmania.ca\">info@naturmania.ca<\/a> ou par courrier au 270 rue de Bordeaux, St-Augustin-de-Desmaures, QC. G3A 2V2.<\/p>\n<p>&nbsp;<\/p>\n","protected":false},"excerpt":{"rendered":"<p>En vigueur en date du 13 avril 2018 &nbsp; RENSEIGNEMENTS RECUEILLIS Lorsque vous effectuez un achat sur notre boutique en ligne, que vous retournez ou \u00e9changez un produit, demandez \u00e0 recevoir un catalogue ou autres situations semblables, nous recueillons les renseignements personnels que vous nous fournissez, tels que votre nom, votre adresse de facturation et<\/p>\n","protected":false},"author":162,"featured_media":0,"parent":0,"menu_order":0,"comment_status":"closed","ping_status":"closed","template":"","meta":{"footnotes":""},"class_list":["post-12364","page","type-page","status-publish","hentry","prodpage-style2"],"yoast_head":"<!-- This site is optimized with the Yoast SEO plugin v26.6 - https:\/\/yoast.com\/wordpress\/plugins\/seo\/ -->\n<title>Privacy policy - Green Trail<\/title>\n<meta name=\"robots\" content=\"index, follow, max-snippet:-1, max-image-preview:large, max-video-preview:-1\" \/>\n<link rel=\"canonical\" href=\"https:\/\/greentrail.ca\/en\/privacy-policy\/\" \/>\n<meta property=\"og:locale\" content=\"en_US\" \/>\n<meta property=\"og:type\" content=\"article\" \/>\n<meta property=\"og:title\" content=\"Privacy policy - Green Trail\" \/>\n<meta property=\"og:description\" content=\"En vigueur en date du 13 avril 2018 &nbsp; RENSEIGNEMENTS RECUEILLIS Lorsque vous effectuez un achat sur notre boutique en ligne, que vous retournez ou \u00e9changez un produit, demandez \u00e0 recevoir un catalogue ou autres situations semblables, nous recueillons les renseignements personnels que vous nous fournissez, tels que votre nom, votre adresse de facturation et\" \/>\n<meta property=\"og:url\" content=\"https:\/\/greentrail.ca\/en\/privacy-policy\/\" \/>\n<meta property=\"og:site_name\" content=\"Green Trail\" \/>\n<meta property=\"article:publisher\" content=\"https:\/\/www.facebook.com\/GreenTrail.ca\" \/>\n<meta property=\"article:modified_time\" content=\"2020-03-24T15:33:47+00:00\" \/>\n<meta property=\"og:image\" content=\"https:\/\/greentrail.ca\/wp-content\/uploads\/2019\/11\/Gt-logo-Top-.png\" \/>\n\t<meta property=\"og:image:width\" content=\"512\" \/>\n\t<meta property=\"og:image:height\" content=\"512\" \/>\n\t<meta property=\"og:image:type\" content=\"image\/png\" \/>\n<meta name=\"twitter:card\" content=\"summary_large_image\" \/>\n<meta name=\"twitter:label1\" content=\"Est. reading time\" \/>\n\t<meta name=\"twitter:data1\" content=\"6 minutes\" \/>\n<script type=\"application\/ld+json\" class=\"yoast-schema-graph\">{\"@context\":\"https:\/\/schema.org\",\"@graph\":[{\"@type\":\"WebPage\",\"@id\":\"https:\/\/greentrail.ca\/en\/privacy-policy\/\",\"url\":\"https:\/\/greentrail.ca\/en\/privacy-policy\/\",\"name\":\"Privacy policy - Green Trail\",\"isPartOf\":{\"@id\":\"https:\/\/greentrail.ca\/en\/#website\"},\"datePublished\":\"2018-03-09T15:03:48+00:00\",\"dateModified\":\"2020-03-24T15:33:47+00:00\",\"breadcrumb\":{\"@id\":\"https:\/\/greentrail.ca\/en\/privacy-policy\/#breadcrumb\"},\"inLanguage\":\"en-US\",\"potentialAction\":[{\"@type\":\"ReadAction\",\"target\":[\"https:\/\/greentrail.ca\/en\/privacy-policy\/\"]}]},{\"@type\":\"BreadcrumbList\",\"@id\":\"https:\/\/greentrail.ca\/en\/privacy-policy\/#breadcrumb\",\"itemListElement\":[{\"@type\":\"ListItem\",\"position\":1,\"name\":\"Accueil\",\"item\":\"https:\/\/greentrail.ca\/en\/\"},{\"@type\":\"ListItem\",\"position\":2,\"name\":\"Privacy policy\"}]},{\"@type\":\"WebSite\",\"@id\":\"https:\/\/greentrail.ca\/en\/#website\",\"url\":\"https:\/\/greentrail.ca\/en\/\",\"name\":\"Green Trail\",\"description\":\"Guided By Nature TM\",\"publisher\":{\"@id\":\"https:\/\/greentrail.ca\/en\/#organization\"},\"potentialAction\":[{\"@type\":\"SearchAction\",\"target\":{\"@type\":\"EntryPoint\",\"urlTemplate\":\"https:\/\/greentrail.ca\/en\/?s={search_term_string}\"},\"query-input\":{\"@type\":\"PropertyValueSpecification\",\"valueRequired\":true,\"valueName\":\"search_term_string\"}}],\"inLanguage\":\"en-US\"},{\"@type\":\"Organization\",\"@id\":\"https:\/\/greentrail.ca\/en\/#organization\",\"name\":\"Green Trail - Guided by nature\",\"url\":\"https:\/\/greentrail.ca\/en\/\",\"logo\":{\"@type\":\"ImageObject\",\"inLanguage\":\"en-US\",\"@id\":\"https:\/\/greentrail.ca\/en\/#\/schema\/logo\/image\/\",\"url\":\"https:\/\/greentrail.ca\/wp-content\/uploads\/2019\/12\/0_footer.-GTpng.png\",\"contentUrl\":\"https:\/\/greentrail.ca\/wp-content\/uploads\/2019\/12\/0_footer.-GTpng.png\",\"width\":292,\"height\":112,\"caption\":\"Green Trail - Guided by nature\"},\"image\":{\"@id\":\"https:\/\/greentrail.ca\/en\/#\/schema\/logo\/image\/\"},\"sameAs\":[\"https:\/\/www.facebook.com\/GreenTrail.ca\",\"https:\/\/www.youtube.com\/channel\/UC1WZQ4MJiVIWi3Bi0__nqxA\",\"https:\/\/www.instagram.com\/greentrail.ca\/\"]}]}<\/script>\n<!-- \/ Yoast SEO plugin. -->","yoast_head_json":{"title":"Privacy policy - Green Trail","robots":{"index":"index","follow":"follow","max-snippet":"max-snippet:-1","max-image-preview":"max-image-preview:large","max-video-preview":"max-video-preview:-1"},"canonical":"https:\/\/greentrail.ca\/en\/privacy-policy\/","og_locale":"en_US","og_type":"article","og_title":"Privacy policy - Green Trail","og_description":"En vigueur en date du 13 avril 2018 &nbsp; RENSEIGNEMENTS RECUEILLIS Lorsque vous effectuez un achat sur notre boutique en ligne, que vous retournez ou \u00e9changez un produit, demandez \u00e0 recevoir un catalogue ou autres situations semblables, nous recueillons les renseignements personnels que vous nous fournissez, tels que votre nom, votre adresse de facturation et","og_url":"https:\/\/greentrail.ca\/en\/privacy-policy\/","og_site_name":"Green Trail","article_publisher":"https:\/\/www.facebook.com\/GreenTrail.ca","article_modified_time":"2020-03-24T15:33:47+00:00","og_image":[{"width":512,"height":512,"url":"https:\/\/greentrail.ca\/wp-content\/uploads\/2019\/11\/Gt-logo-Top-.png","type":"image\/png"}],"twitter_card":"summary_large_image","twitter_misc":{"Est. reading time":"6 minutes"},"schema":{"@context":"https:\/\/schema.org","@graph":[{"@type":"WebPage","@id":"https:\/\/greentrail.ca\/en\/privacy-policy\/","url":"https:\/\/greentrail.ca\/en\/privacy-policy\/","name":"Privacy policy - Green Trail","isPartOf":{"@id":"https:\/\/greentrail.ca\/en\/#website"},"datePublished":"2018-03-09T15:03:48+00:00","dateModified":"2020-03-24T15:33:47+00:00","breadcrumb":{"@id":"https:\/\/greentrail.ca\/en\/privacy-policy\/#breadcrumb"},"inLanguage":"en-US","potentialAction":[{"@type":"ReadAction","target":["https:\/\/greentrail.ca\/en\/privacy-policy\/"]}]},{"@type":"BreadcrumbList","@id":"https:\/\/greentrail.ca\/en\/privacy-policy\/#breadcrumb","itemListElement":[{"@type":"ListItem","position":1,"name":"Accueil","item":"https:\/\/greentrail.ca\/en\/"},{"@type":"ListItem","position":2,"name":"Privacy policy"}]},{"@type":"WebSite","@id":"https:\/\/greentrail.ca\/en\/#website","url":"https:\/\/greentrail.ca\/en\/","name":"Green Trail","description":"Guided By Nature TM","publisher":{"@id":"https:\/\/greentrail.ca\/en\/#organization"},"potentialAction":[{"@type":"SearchAction","target":{"@type":"EntryPoint","urlTemplate":"https:\/\/greentrail.ca\/en\/?s={search_term_string}"},"query-input":{"@type":"PropertyValueSpecification","valueRequired":true,"valueName":"search_term_string"}}],"inLanguage":"en-US"},{"@type":"Organization","@id":"https:\/\/greentrail.ca\/en\/#organization","name":"Green Trail - Guided by nature","url":"https:\/\/greentrail.ca\/en\/","logo":{"@type":"ImageObject","inLanguage":"en-US","@id":"https:\/\/greentrail.ca\/en\/#\/schema\/logo\/image\/","url":"https:\/\/greentrail.ca\/wp-content\/uploads\/2019\/12\/0_footer.-GTpng.png","contentUrl":"https:\/\/greentrail.ca\/wp-content\/uploads\/2019\/12\/0_footer.-GTpng.png","width":292,"height":112,"caption":"Green Trail - Guided by nature"},"image":{"@id":"https:\/\/greentrail.ca\/en\/#\/schema\/logo\/image\/"},"sameAs":["https:\/\/www.facebook.com\/GreenTrail.ca","https:\/\/www.youtube.com\/channel\/UC1WZQ4MJiVIWi3Bi0__nqxA","https:\/\/www.instagram.com\/greentrail.ca\/"]}]}},"_links":{"self":[{"href":"https:\/\/greentrail.ca\/en\/wp-json\/wp\/v2\/pages\/12364","targetHints":{"allow":["GET"]}}],"collection":[{"href":"https:\/\/greentrail.ca\/en\/wp-json\/wp\/v2\/pages"}],"about":[{"href":"https:\/\/greentrail.ca\/en\/wp-json\/wp\/v2\/types\/page"}],"author":[{"embeddable":true,"href":"https:\/\/greentrail.ca\/en\/wp-json\/wp\/v2\/users\/162"}],"replies":[{"embeddable":true,"href":"https:\/\/greentrail.ca\/en\/wp-json\/wp\/v2\/comments?post=12364"}],"version-history":[{"count":0,"href":"https:\/\/greentrail.ca\/en\/wp-json\/wp\/v2\/pages\/12364\/revisions"}],"wp:attachment":[{"href":"https:\/\/greentrail.ca\/en\/wp-json\/wp\/v2\/media?parent=12364"}],"curies":[{"name":"wp","href":"https:\/\/api.w.org\/{rel}","templated":true}]}}